{"id":2,"date":"2026-04-23T05:22:34","date_gmt":"2026-04-23T03:22:34","guid":{"rendered":"https:\/\/test1.selfpubservice.de\/?page_id=2"},"modified":"2026-04-27T15:02:51","modified_gmt":"2026-04-27T13:02:51","slug":"beispiel-seite","status":"publish","type":"page","link":"https:\/\/test1.selfpubservice.de\/","title":{"rendered":"Steuerfachangestellte, Steuerfachwirte &amp; Steuerberater (m\/w\/d) in Kassel gesucht."},"content":{"rendered":"\n<p>Wir sind eine moderne Steuerkanzlei in Kassel mit einem klaren Fokus: <strong>Menschen statt nur Zahlen<\/strong>. Unsere Kanzlei steht f\u00fcr eine moderne und <strong>wertsch\u00e4tzende Teamkultur<\/strong>, in der Zusammenarbeit, Vertrauen und gegenseitige Unterst\u00fctzung selbstverst\u00e4ndlich sind. Wir glauben daran, dass gute Arbeit nur dort entsteht, wo Menschen sich wohlf\u00fchlen und ernst genommen werden.<\/p>\n\n\n\n<p>Flache Hierarchien, offene Kommunikation und ein respektvolles Miteinander sorgen daf\u00fcr, dass du dich von Anfang an als Teil des Teams f\u00fchlst.<\/p>\n\n\n\n<p>Nicht nur unsere Mandanten profitieren von <strong>individuellen Strategien<\/strong> \u2013 auch f\u00fcr unser Team schaffen wir ma\u00dfgeschneiderte L\u00f6sungen:<\/p>\n\n\n\n<ul class=\"wp-block-list\">\n<li>Flexible Arbeitszeiten &amp; Homeoffice-M\u00f6glichkeiten<\/li>\n\n\n\n<li>Individuelle Weiterbildungs- und Entwicklungspfade<\/li>\n\n\n\n<li>Arbeitsmodelle, die zu deinem Leben passen (Vollzeit \/ Teilzeit)<\/li>\n\n\n\n<li>Moderne digitale Arbeitsweise ohne unn\u00f6tige B\u00fcrokratie<\/li>\n<\/ul>\n\n\n\n<p>Denn wir wissen: Jeder Mensch bringt unterschiedliche St\u00e4rken, Ziele und Lebenssituationen mit \u2013 und genau darauf gehen wir ein.<\/p>\n\n\n\n<div class=\"big-margintopbot center\"><a class=\"mini-cta\" href=\"https:\/\/www.kassel-steuer.de\/karriere\/bewerberportal\/\"><div>Dein n\u00e4chster Karriereschritt<\/div><\/a><\/div>\n\n\n\n<h2 class=\"wp-block-heading entry-title\"><strong>Arbeiten in unserer Steuerkanzlei.<\/strong><\/h2>\n\n\n\n<p>Du suchst einen Job als <strong>Steuerfachangestellte:r, Steuerfachwirt:in, Bilanzbuchhalter:in oder Steuerberater:in in Kassel<\/strong>, der zu deinem Leben passt und dir echte Entwicklungsm\u00f6glichkeiten bietet?<\/p>\n\n\n\n<p>Wir arbeiten in einem <strong>starken, unterst\u00fctzenden Team<\/strong>, in dem Zusammenarbeit wichtiger ist als Hierarchie oder Konkurrenzdenken. Offenheit, Vertrauen und gegenseitige Hilfe pr\u00e4gen unseren Alltag. Bei <a href=\"http:\/\/www.kassel-steuer.de\" target=\"_blank\" rel=\"noreferrer noopener\">Steuerkanzlei Weltz &amp; Partner<\/a> legen wir gro\u00dfen Wert auf eine moderne, strukturierte und wertsch\u00e4tzende Arbeitsweise in der Steuerberatung.<\/p>\n\n\n\n<p>Uns ist wichtig, dass Du wirklich verstehst, wie wir arbeiten \u2013 deshalb geben wir dir <strong>echte Einblicke in unseren Arbeitsalltag<\/strong>.<\/p>\n","protected":false},"excerpt":{"rendered":"<p>Wir sind eine moderne Steuerkanzlei in Kassel mit einem klaren Fokus: Menschen statt nur Zahlen. Unsere Kanzlei steht f\u00fcr eine moderne und wertsch\u00e4tzende Teamkultur, in der Zusammenarbeit, Vertrauen und gegenseitige Unterst\u00fctzung selbstverst\u00e4ndlich sind. Wir glauben daran, dass gute Arbeit nur dort entsteht, wo Menschen sich wohlf\u00fchlen und ernst genommen werden. Flache Hierarchien, offene Kommunikation und [&hellip;]<\/p>\n","protected":false},"author":1,"featured_media":0,"parent":0,"menu_order":0,"comment_status":"closed","ping_status":"open","template":"","meta":{"footnotes":""},"class_list":["post-2","page","type-page","status-publish","hentry"],"yoast_head":"<!-- This site is optimized with the Yoast SEO plugin v27.5 - https:\/\/yoast.com\/product\/yoast-seo-wordpress\/ -->\n<title>Steuerfachangestellte, Steuerfachwirte &amp; Steuerberater (m\/w\/d) in Kassel gesucht. - Steuerkanzlei Kassel Jobs<\/title>\n<meta name=\"robots\" content=\"index, follow, max-snippet:-1, max-image-preview:large, max-video-preview:-1\" \/>\n<link rel=\"canonical\" href=\"https:\/\/test1.selfpubservice.de\/\" \/>\n<meta property=\"og:locale\" content=\"de_DE\" \/>\n<meta property=\"og:type\" content=\"article\" \/>\n<meta property=\"og:title\" content=\"Steuerfachangestellte, Steuerfachwirte &amp; Steuerberater (m\/w\/d) in Kassel gesucht. - Steuerkanzlei Kassel Jobs\" \/>\n<meta property=\"og:description\" content=\"Wir sind eine moderne Steuerkanzlei in Kassel mit einem klaren Fokus: Menschen statt nur Zahlen. Unsere Kanzlei steht f\u00fcr eine moderne und wertsch\u00e4tzende Teamkultur, in der Zusammenarbeit, Vertrauen und gegenseitige Unterst\u00fctzung selbstverst\u00e4ndlich sind. Wir glauben daran, dass gute Arbeit nur dort entsteht, wo Menschen sich wohlf\u00fchlen und ernst genommen werden. Flache Hierarchien, offene Kommunikation und [&hellip;]\" \/>\n<meta property=\"og:url\" content=\"https:\/\/test1.selfpubservice.de\/\" \/>\n<meta property=\"og:site_name\" content=\"Steuerkanzlei Kassel Jobs\" \/>\n<meta property=\"article:publisher\" content=\"https:\/\/www.facebook.com\/kasselsteuer.de\/\" \/>\n<meta property=\"article:modified_time\" content=\"2026-04-27T13:02:51+00:00\" \/>\n<meta name=\"twitter:card\" content=\"summary_large_image\" \/>\n<meta name=\"twitter:label1\" content=\"Gesch\u00e4tzte Lesezeit\" \/>\n\t<meta name=\"twitter:data1\" content=\"2\u00a0Minuten\" \/>\n<script type=\"application\/ld+json\" class=\"yoast-schema-graph\">{\"@context\":\"https:\\\/\\\/schema.org\",\"@graph\":[{\"@type\":\"WebPage\",\"@id\":\"https:\\\/\\\/test1.selfpubservice.de\\\/\",\"url\":\"https:\\\/\\\/test1.selfpubservice.de\\\/\",\"name\":\"Steuerfachangestellte, Steuerfachwirte &amp; Steuerberater (m\\\/w\\\/d) in Kassel gesucht. - Steuerkanzlei Kassel Jobs\",\"isPartOf\":{\"@id\":\"https:\\\/\\\/test1.selfpubservice.de\\\/#website\"},\"datePublished\":\"2026-04-23T03:22:34+00:00\",\"dateModified\":\"2026-04-27T13:02:51+00:00\",\"breadcrumb\":{\"@id\":\"https:\\\/\\\/test1.selfpubservice.de\\\/#breadcrumb\"},\"inLanguage\":\"de\",\"potentialAction\":[{\"@type\":\"ReadAction\",\"target\":[\"https:\\\/\\\/test1.selfpubservice.de\\\/\"]}]},{\"@type\":\"BreadcrumbList\",\"@id\":\"https:\\\/\\\/test1.selfpubservice.de\\\/#breadcrumb\",\"itemListElement\":[{\"@type\":\"ListItem\",\"position\":1,\"name\":\"Start\",\"item\":\"https:\\\/\\\/test1.selfpubservice.de\\\/\"},{\"@type\":\"ListItem\",\"position\":2,\"name\":\"Steuerfachangestellte, Steuerfachwirte &amp; Steuerberater (m\\\/w\\\/d) in Kassel gesucht.\"}]},{\"@type\":\"WebSite\",\"@id\":\"https:\\\/\\\/test1.selfpubservice.de\\\/#website\",\"url\":\"https:\\\/\\\/test1.selfpubservice.de\\\/\",\"name\":\"Steuerkanzlei Kassel Jobs\",\"description\":\"\",\"potentialAction\":[{\"@type\":\"SearchAction\",\"target\":{\"@type\":\"EntryPoint\",\"urlTemplate\":\"https:\\\/\\\/test1.selfpubservice.de\\\/?s={search_term_string}\"},\"query-input\":{\"@type\":\"PropertyValueSpecification\",\"valueRequired\":true,\"valueName\":\"search_term_string\"}}],\"inLanguage\":\"de\"}]}<\/script>\n<!-- \/ Yoast SEO plugin. -->","yoast_head_json":{"title":"Steuerfachangestellte, Steuerfachwirte &amp; Steuerberater (m\/w\/d) in Kassel gesucht. - Steuerkanzlei Kassel Jobs","robots":{"index":"index","follow":"follow","max-snippet":"max-snippet:-1","max-image-preview":"max-image-preview:large","max-video-preview":"max-video-preview:-1"},"canonical":"https:\/\/test1.selfpubservice.de\/","og_locale":"de_DE","og_type":"article","og_title":"Steuerfachangestellte, Steuerfachwirte &amp; Steuerberater (m\/w\/d) in Kassel gesucht. - Steuerkanzlei Kassel Jobs","og_description":"Wir sind eine moderne Steuerkanzlei in Kassel mit einem klaren Fokus: Menschen statt nur Zahlen. Unsere Kanzlei steht f\u00fcr eine moderne und wertsch\u00e4tzende Teamkultur, in der Zusammenarbeit, Vertrauen und gegenseitige Unterst\u00fctzung selbstverst\u00e4ndlich sind. Wir glauben daran, dass gute Arbeit nur dort entsteht, wo Menschen sich wohlf\u00fchlen und ernst genommen werden. Flache Hierarchien, offene Kommunikation und [&hellip;]","og_url":"https:\/\/test1.selfpubservice.de\/","og_site_name":"Steuerkanzlei Kassel Jobs","article_publisher":"https:\/\/www.facebook.com\/kasselsteuer.de\/","article_modified_time":"2026-04-27T13:02:51+00:00","twitter_card":"summary_large_image","twitter_misc":{"Gesch\u00e4tzte Lesezeit":"2\u00a0Minuten"},"schema":{"@context":"https:\/\/schema.org","@graph":[{"@type":"WebPage","@id":"https:\/\/test1.selfpubservice.de\/","url":"https:\/\/test1.selfpubservice.de\/","name":"Steuerfachangestellte, Steuerfachwirte &amp; Steuerberater (m\/w\/d) in Kassel gesucht. - Steuerkanzlei Kassel Jobs","isPartOf":{"@id":"https:\/\/test1.selfpubservice.de\/#website"},"datePublished":"2026-04-23T03:22:34+00:00","dateModified":"2026-04-27T13:02:51+00:00","breadcrumb":{"@id":"https:\/\/test1.selfpubservice.de\/#breadcrumb"},"inLanguage":"de","potentialAction":[{"@type":"ReadAction","target":["https:\/\/test1.selfpubservice.de\/"]}]},{"@type":"BreadcrumbList","@id":"https:\/\/test1.selfpubservice.de\/#breadcrumb","itemListElement":[{"@type":"ListItem","position":1,"name":"Start","item":"https:\/\/test1.selfpubservice.de\/"},{"@type":"ListItem","position":2,"name":"Steuerfachangestellte, Steuerfachwirte &amp; Steuerberater (m\/w\/d) in Kassel gesucht."}]},{"@type":"WebSite","@id":"https:\/\/test1.selfpubservice.de\/#website","url":"https:\/\/test1.selfpubservice.de\/","name":"Steuerkanzlei Kassel Jobs","description":"","potentialAction":[{"@type":"SearchAction","target":{"@type":"EntryPoint","urlTemplate":"https:\/\/test1.selfpubservice.de\/?s={search_term_string}"},"query-input":{"@type":"PropertyValueSpecification","valueRequired":true,"valueName":"search_term_string"}}],"inLanguage":"de"}]}},"_links":{"self":[{"href":"https:\/\/test1.selfpubservice.de\/index.php\/wp-json\/wp\/v2\/pages\/2","targetHints":{"allow":["GET"]}}],"collection":[{"href":"https:\/\/test1.selfpubservice.de\/index.php\/wp-json\/wp\/v2\/pages"}],"about":[{"href":"https:\/\/test1.selfpubservice.de\/index.php\/wp-json\/wp\/v2\/types\/page"}],"author":[{"embeddable":true,"href":"https:\/\/test1.selfpubservice.de\/index.php\/wp-json\/wp\/v2\/users\/1"}],"replies":[{"embeddable":true,"href":"https:\/\/test1.selfpubservice.de\/index.php\/wp-json\/wp\/v2\/comments?post=2"}],"version-history":[{"count":16,"href":"https:\/\/test1.selfpubservice.de\/index.php\/wp-json\/wp\/v2\/pages\/2\/revisions"}],"predecessor-version":[{"id":132,"href":"https:\/\/test1.selfpubservice.de\/index.php\/wp-json\/wp\/v2\/pages\/2\/revisions\/132"}],"wp:attachment":[{"href":"https:\/\/test1.selfpubservice.de\/index.php\/wp-json\/wp\/v2\/media?parent=2"}],"curies":[{"name":"wp","href":"https:\/\/api.w.org\/{rel}","templated":true}]}}