{"id":27,"date":"2026-04-24T16:32:43","date_gmt":"2026-04-24T14:32:43","guid":{"rendered":"https:\/\/test1.selfpubservice.de\/?page_id=27"},"modified":"2026-04-26T03:36:11","modified_gmt":"2026-04-26T01:36:11","slug":"impressum","status":"publish","type":"page","link":"https:\/\/test1.selfpubservice.de\/index.php\/impressum\/","title":{"rendered":"Impressum"},"content":{"rendered":"\n<p><strong>Weltz &amp; Partner PartG mbB StBG WPG<\/strong><\/p>\n\n\n\n<h3 class=\"wp-block-heading\">Namen und Anschriften<\/h3>\n\n\n\n<p>Partner \/ gesetzliche Vertreter der<br><em>Weltz &amp; Partner Partnerschaftsgesellschaft mbB Steuerberatungsgesellschaft Wirtschaftspr\u00fcfungsgesellschaft<\/em>:<\/p>\n\n\n\n<ol class=\"wp-block-list\">\n<li>Dipl.-Kfm. Timo Weltz<br>Wirtschaftspr\u00fcfer, Steuerberater<br>Zusatzqualifikation: Fachberater f\u00fcr Unternehmens\u00adnachfolge (DStV e.V.) | Certified Valuation Analyst (EACVA e.V.) | Fachberater f\u00fcr Testamentsvollstreckung und Nachlassverwaltung (DStV e.V.)<\/li>\n\n\n\n<li>Dipl.-Oec. Angela Weltz<br>Steuerberaterin<br>Zusatzqualifikation: Landwirtschaftliche Buchstelle<\/li>\n<\/ol>\n\n\n\n<h3 class=\"wp-block-heading\">Sitz der Gesellschaft<\/h3>\n\n\n\n<p>Harlesh\u00e4user Stra\u00dfe 76<br>34130 Kassel<br>Telefon: +49-561-96999-0<br>E-Mail: info@ksst.de<\/p>\n\n\n\n<p>Amtsgericht Frankfurt am Main, Partnerschaftsregister 2038<br>Umsatzsteuer-Identifikationsnummer: DE283912967<\/p>\n\n\n\n<p>Weitere Beratungsstelle:<br>Georgenkamp 18<br>37154 Northeim<\/p>\n\n\n\n<h3 class=\"wp-block-heading\">Datenschutzbeauftragte<\/h3>\n\n\n\n<p>Herr Marvin Grunzke ist der Datenschutzbeauftragte der Partnerschaftsgesellschaft.<\/p>\n\n\n\n<h4 class=\"wp-block-heading\">Kontaktaufnahme<\/h4>\n\n\n\n<p>Die Angaben zur schnellen elektronischen Kontaktaufnahme nach \u00a7 5 Nr. 2 TMG sind im E-Mail-Kontaktformular und in den Angaben auf der ersten Seite der Homepage enthalten; die E-Mail-Adresse lautet info(at)kassel- steuer.de<\/p>\n\n\n\n<h4 class=\"wp-block-heading\">Register<\/h4>\n\n\n\n<p>Die einzelnen Berufsangeh\u00f6rigen sind in verschiedenen Registern gef\u00fchrt, die unter der jeweiligen Berufsbezeichnung in der Rubrik &#8222;Personen&#8220; auf der Homepage als Link ge\u00f6ffnet werden k\u00f6nnen und dort in Abschrift gezeigt werden.<\/p>\n\n\n\n<h4 class=\"wp-block-heading\">Umsatzsteueridentifikationsnummern<\/h4>\n\n\n\n<p>Umsatzsteuer-Identnummer der Partnerschaftsgesellschaft: DE283912967<\/p>\n\n\n\n<h4 class=\"wp-block-heading\">Gesetzliche Berufsbezeichnung, Berufsaufsicht<\/h4>\n\n\n\n<p>Zust\u00e4ndige Aufsichtsbeh\u00f6rden sind:<\/p>\n\n\n\n<ol class=\"wp-block-list\">\n<li>die Wirtschaftspr\u00fcferkammer (Wirtschaftspr\u00fcfer, vereidigter Buchpr\u00fcfer)<\/li>\n\n\n\n<li>die Steuerberaterkammer (Steuerberater)<\/li>\n<\/ol>\n\n\n\n<p>Die gesetzlichen Berufsbezeichnungen &#8222;Wirtschaftspr\u00fcfer&#8220;, &#8222;vereidigter Buchpr\u00fcfer&#8220; und &#8222;Steuerberater&#8220; wurden in der Bundesrepublik Deutschland verliehen.<\/p>\n\n\n\n<p>Die gesetzlichen Berufsbezeichnungen sind auf der Homepage angebracht und zwar auf der ersten Seite und im Bereich &#8222;Personen&#8220; (vgl. home).<\/p>\n\n\n\n<p>Die Berufspr\u00fcfungen wurden jeweils in der Bundesrepublik Deutschland abgelegt.<\/p>\n\n\n\n<p>Die Berufsaufsicht der Berater Weltz &amp; Partner bzw. der Partnerschaftsgesellschaft obliegt der Steuerberaterkammer Hessen, Gutleutstra\u00dfe 175, 60327 Frankfurt.<\/p>\n\n\n\n<p>Die Berufsaufsicht der Berater Weltz bzw. der Partnerschaftsgesellschaft obliegt der Wirtschaftspr\u00fcferkammer Deutschland, Rauchstra\u00dfe 26, 10787 Berlin.<\/p>\n\n\n\n<p>Diese Institutionen sind zur Berufsaufsicht sowie zur Kontrolle befugt und berechtigt.<\/p>\n\n\n\n<p>Aufkl\u00e4rung gem\u00e4\u00df \u00a7 36 VSBG: Eine gesetzliche Pflicht zur Teilnahme an einem Verbraucherschlichtungsverfahren vor den Berufskammern oder des Zentrums f\u00fcr Schlichtung e.V. besteht nicht und ist seitens der Gesellschaft aus Verfahrensvereinfachung nicht gew\u00fcnscht.<\/p>\n\n\n\n<h3 class=\"wp-block-heading\">Berufsrechtliche Regelungen<\/h3>\n\n\n\n<p>Der Berufsstand der Wirtschaftspr\u00fcfer sowie vereidigten Buchpr\u00fcfer unterliegt im Wesentlichen nachfolgend genannten berufsrechtlichen Regelungen:<\/p>\n\n\n\n<ol class=\"wp-block-list\">\n<li>Wirtschaftspr\u00fcferordnung (WPO)<\/li>\n\n\n\n<li>Berufssatzung f\u00fcr Wirtschaftspr\u00fcfer\/vereidigte Buchpr\u00fcfer (BS WP\/vBP)<\/li>\n\n\n\n<li>Satzung f\u00fcr Qualit\u00e4tskontrolle<\/li>\n\n\n\n<li>Wirtschaftspr\u00fcfer-Berufshaftpflichtversicherungsordnung<\/li>\n<\/ol>\n\n\n\n<p>Der Berufsstand der Steuerberater unterliegt im Wesentlichen nachfolgend genannten berufsrechtlichen<br>Regelungen:<\/p>\n\n\n\n<ol class=\"wp-block-list\">\n<li>Steuerberatungsgesetz (StBerG)<\/li>\n\n\n\n<li>Steuerberaterverg\u00fctungsverordnung (StBVV)<\/li>\n\n\n\n<li>Satzung \u00fcber die Rechte und Pflichten bei Aus\u00fcbung der Berufe der Steuerberater (Berufsordnung, BOStB)<\/li>\n\n\n\n<li>Durchf\u00fchrungsverordnung zum Steuerberatungsgesetz (DVStB)<\/li>\n<\/ol>\n\n\n\n<p>Der Informationspflicht hinsichtlich der einschl\u00e4gigen berufsrechtlichen Regelungen kann durch einen Link von der Internet-Pr\u00e4senz des Mitglieds auf die Seiten der Wirtschaftspr\u00fcferkammer <a href=\"http:\/\/www.wpk.de\/rechtsvorschriften\">www.wpk.de\/rechtsvorschriften<\/a> entsprochen werden, wo die berufsrechtlichen Regelungen in aktueller Fassung als Download verf\u00fcgbar sind.<\/p>\n\n\n\n<h3 class=\"wp-block-heading\">Haftungsausschluss und Copyright<\/h3>\n\n\n\n<p>Die Partnerschaftsgesellschaft aktualisiert und erg\u00e4nzt regelm\u00e4\u00dfig die Informationen auf diesen Webseiten. Die Informationen wurden sorgf\u00e4ltig recherchiert und gewissenhaft zusammengestellt. Trotzdem k\u00f6nnen sich die Daten zwischenzeitlich ver\u00e4ndert haben. Deshalb kann eine Haftung oder Garantie f\u00fcr die Aktualit\u00e4t, Richtigkeit und Vollst\u00e4ndigkeit der zur Verf\u00fcgung gestellten Informationen &#8211; insbesondere fremder Informationen &#8211; nicht \u00fcbernommen werden, sofern die Unvollst\u00e4ndigkeit oder Unrichtigkeit nicht auf Vorsatz oder grober Fahrl\u00e4ssigkeit der Partnerschaftsgesellschaft beruht.<\/p>\n\n\n\n<p>Deshalb sollten Sie die Richtigkeit der hier pr\u00e4sentierten Informationen von einem Berater der<br>Partnerschaftsgesellschaft \u00fcberpr\u00fcfen lassen, insbesondere wenn sie als Grundlage f\u00fcr Gesch\u00e4fte dienen.<\/p>\n\n\n\n<p>Die Partnerschaftsgesellschaft bzw. deren gesetzliche Vertreter sind f\u00fcr den Inhalt von Webseiten, auf die mittels Hyperlink verwiesen wird, nicht verantwortlich, soweit man von den Webinhalten keine Kenntnis hat und es technisch unm\u00f6glich und unzumutbar ist, die Nutzung im Falle rechtswidriger Inhalte zu verhindern. F\u00fcr diese Webseiten \u00fcbernimmt die Partnerschaftsgesellschaft ebenfalls keine Haftung oder Garantie.<\/p>\n\n\n\n<p>Inhalt, Struktur und Gestaltung dieser Webseiten sind urheberrechtlich gesch\u00fctzt. Auf diesen Webseiten zur Verf\u00fcgung gestellte Texte, Textteile, Grafiken, Tabellen oder Bildmaterialien, ihr Inhalt und ihre Kopien d\u00fcrfen ohne vorherige Zustimmung der Partnerschaftsgesellschaft auf keine Art ver\u00e4ndert, nicht vervielf\u00e4ltigt und nicht an Dritte verteilt oder \u00fcbermittelt werden.<\/p>\n\n\n\n<p>Auf die Homepage darf gelinkt werden, wenn die aufgerufene Webseite alleiniger Inhalt des Browserfensters wird.<\/p>\n\n\n\n<p>Das auf dieser Homepage abgebildete Kunstwerk \u201eMan walking to the sky\u201c (auch bekannt als der \u201eHimmelsst\u00fcrmer\u201c) wurde von Herrn Jonathan Borofski erschaffen. Die fotografischen Urheberrechte f\u00fcr die auf dieser Homepage abgebildeten Fotos geh\u00f6ren Herrn Andreas Weber.<\/p>\n\n\n\n<h3 class=\"wp-block-heading\">Datenschutzerkl\u00e4rung<\/h3>\n\n\n\n<p>Wir freuen uns, da\u00df Sie unsere Webseite besuchen und bedanken uns f\u00fcr Ihr Interesse an unserem Unternehmen und unseren Leistungen.<\/p>\n\n\n\n<p>Der Schutz Ihrer Privatsph\u00e4re bei der Nutzung unserer Webseiten ist uns sehr wichtig.<\/p>\n\n\n\n<p>Ausf\u00fchrliche Informationen zum Thema Datenschutz entnehmen Sie unserer Datenschutzerkl\u00e4rung unter: <a href=\"\/datenschutz\">www.kassel-steuer.de\/datenschutzerklaerung<\/a>.<\/p>\n\n\n\n<h3 class=\"wp-block-heading\">Dieses Impressum gilt auch f\u00fcr:<\/h3>\n\n\n\n<ul class=\"wp-block-list\">\n<li><a href=\"https:\/\/www.facebook.com\/kassel-steuerde-786732698084079\/\">https:\/\/www.facebook.com\/kassel-steuerde-786732698084079\/<\/a><\/li>\n\n\n\n<li><a href=\"https:\/\/twitter.com\/KasselSteuer\">https:\/\/twitter.com\/KasselSteuer<\/a><\/li>\n\n\n\n<li>sowie alle anderen Onlineeintr\u00e4ge der Gesellschaft<\/li>\n<\/ul>\n\n\n\n<p>F\u00fcr Fragen oder Anregungen wenden Sie sich bitte an die gesetzlichen Vertreter der Partnerschaftsgesellschaft oder die Datenschutzbeauftragte.<\/p>\n","protected":false},"excerpt":{"rendered":"<p>Weltz &amp; Partner PartG mbB StBG WPG Namen und Anschriften Partner \/ gesetzliche Vertreter derWeltz &amp; Partner Partnerschaftsgesellschaft mbB Steuerberatungsgesellschaft Wirtschaftspr\u00fcfungsgesellschaft: Sitz der Gesellschaft Harlesh\u00e4user Stra\u00dfe 7634130 KasselTelefon: +49-561-96999-0E-Mail: info@ksst.de Amtsgericht Frankfurt am Main, Partnerschaftsregister 2038Umsatzsteuer-Identifikationsnummer: DE283912967 Weitere Beratungsstelle:Georgenkamp 1837154 Northeim Datenschutzbeauftragte Herr Marvin Grunzke ist der Datenschutzbeauftragte der Partnerschaftsgesellschaft. Kontaktaufnahme Die Angaben zur schnellen [&hellip;]<\/p>\n","protected":false},"author":1,"featured_media":0,"parent":0,"menu_order":0,"comment_status":"closed","ping_status":"closed","template":"","meta":{"footnotes":""},"class_list":["post-27","page","type-page","status-publish","hentry"],"yoast_head":"<!-- This site is optimized with the Yoast SEO plugin v27.5 - https:\/\/yoast.com\/product\/yoast-seo-wordpress\/ -->\n<title>Impressum - Steuerkanzlei Kassel Jobs<\/title>\n<meta name=\"robots\" content=\"index, follow, max-snippet:-1, max-image-preview:large, max-video-preview:-1\" \/>\n<link rel=\"canonical\" href=\"https:\/\/test1.selfpubservice.de\/index.php\/impressum\/\" \/>\n<meta property=\"og:locale\" content=\"de_DE\" \/>\n<meta property=\"og:type\" content=\"article\" \/>\n<meta property=\"og:title\" content=\"Impressum - Steuerkanzlei Kassel Jobs\" \/>\n<meta property=\"og:description\" content=\"Weltz &amp; Partner PartG mbB StBG WPG Namen und Anschriften Partner \/ gesetzliche Vertreter derWeltz &amp; Partner Partnerschaftsgesellschaft mbB Steuerberatungsgesellschaft Wirtschaftspr\u00fcfungsgesellschaft: Sitz der Gesellschaft Harlesh\u00e4user Stra\u00dfe 7634130 KasselTelefon: +49-561-96999-0E-Mail: info@ksst.de Amtsgericht Frankfurt am Main, Partnerschaftsregister 2038Umsatzsteuer-Identifikationsnummer: DE283912967 Weitere Beratungsstelle:Georgenkamp 1837154 Northeim Datenschutzbeauftragte Herr Marvin Grunzke ist der Datenschutzbeauftragte der Partnerschaftsgesellschaft. Kontaktaufnahme Die Angaben zur schnellen [&hellip;]\" \/>\n<meta property=\"og:url\" content=\"https:\/\/test1.selfpubservice.de\/index.php\/impressum\/\" \/>\n<meta property=\"og:site_name\" content=\"Steuerkanzlei Kassel Jobs\" \/>\n<meta property=\"article:publisher\" content=\"https:\/\/www.facebook.com\/kasselsteuer.de\/\" \/>\n<meta property=\"article:modified_time\" content=\"2026-04-26T01:36:11+00:00\" \/>\n<meta name=\"twitter:card\" content=\"summary_large_image\" \/>\n<meta name=\"twitter:label1\" content=\"Gesch\u00e4tzte Lesezeit\" \/>\n\t<meta name=\"twitter:data1\" content=\"4\u00a0Minuten\" \/>\n<script type=\"application\/ld+json\" class=\"yoast-schema-graph\">{\"@context\":\"https:\\\/\\\/schema.org\",\"@graph\":[{\"@type\":\"WebPage\",\"@id\":\"https:\\\/\\\/test1.selfpubservice.de\\\/index.php\\\/impressum\\\/\",\"url\":\"https:\\\/\\\/test1.selfpubservice.de\\\/index.php\\\/impressum\\\/\",\"name\":\"Impressum - Steuerkanzlei Kassel Jobs\",\"isPartOf\":{\"@id\":\"https:\\\/\\\/test1.selfpubservice.de\\\/#website\"},\"datePublished\":\"2026-04-24T14:32:43+00:00\",\"dateModified\":\"2026-04-26T01:36:11+00:00\",\"breadcrumb\":{\"@id\":\"https:\\\/\\\/test1.selfpubservice.de\\\/index.php\\\/impressum\\\/#breadcrumb\"},\"inLanguage\":\"de\",\"potentialAction\":[{\"@type\":\"ReadAction\",\"target\":[\"https:\\\/\\\/test1.selfpubservice.de\\\/index.php\\\/impressum\\\/\"]}]},{\"@type\":\"BreadcrumbList\",\"@id\":\"https:\\\/\\\/test1.selfpubservice.de\\\/index.php\\\/impressum\\\/#breadcrumb\",\"itemListElement\":[{\"@type\":\"ListItem\",\"position\":1,\"name\":\"Start\",\"item\":\"https:\\\/\\\/test1.selfpubservice.de\\\/\"},{\"@type\":\"ListItem\",\"position\":2,\"name\":\"Impressum\"}]},{\"@type\":\"WebSite\",\"@id\":\"https:\\\/\\\/test1.selfpubservice.de\\\/#website\",\"url\":\"https:\\\/\\\/test1.selfpubservice.de\\\/\",\"name\":\"Steuerkanzlei Kassel Jobs\",\"description\":\"\",\"potentialAction\":[{\"@type\":\"SearchAction\",\"target\":{\"@type\":\"EntryPoint\",\"urlTemplate\":\"https:\\\/\\\/test1.selfpubservice.de\\\/?s={search_term_string}\"},\"query-input\":{\"@type\":\"PropertyValueSpecification\",\"valueRequired\":true,\"valueName\":\"search_term_string\"}}],\"inLanguage\":\"de\"}]}<\/script>\n<!-- \/ Yoast SEO plugin. -->","yoast_head_json":{"title":"Impressum - Steuerkanzlei Kassel Jobs","robots":{"index":"index","follow":"follow","max-snippet":"max-snippet:-1","max-image-preview":"max-image-preview:large","max-video-preview":"max-video-preview:-1"},"canonical":"https:\/\/test1.selfpubservice.de\/index.php\/impressum\/","og_locale":"de_DE","og_type":"article","og_title":"Impressum - Steuerkanzlei Kassel Jobs","og_description":"Weltz &amp; Partner PartG mbB StBG WPG Namen und Anschriften Partner \/ gesetzliche Vertreter derWeltz &amp; Partner Partnerschaftsgesellschaft mbB Steuerberatungsgesellschaft Wirtschaftspr\u00fcfungsgesellschaft: Sitz der Gesellschaft Harlesh\u00e4user Stra\u00dfe 7634130 KasselTelefon: +49-561-96999-0E-Mail: info@ksst.de Amtsgericht Frankfurt am Main, Partnerschaftsregister 2038Umsatzsteuer-Identifikationsnummer: DE283912967 Weitere Beratungsstelle:Georgenkamp 1837154 Northeim Datenschutzbeauftragte Herr Marvin Grunzke ist der Datenschutzbeauftragte der Partnerschaftsgesellschaft. Kontaktaufnahme Die Angaben zur schnellen [&hellip;]","og_url":"https:\/\/test1.selfpubservice.de\/index.php\/impressum\/","og_site_name":"Steuerkanzlei Kassel Jobs","article_publisher":"https:\/\/www.facebook.com\/kasselsteuer.de\/","article_modified_time":"2026-04-26T01:36:11+00:00","twitter_card":"summary_large_image","twitter_misc":{"Gesch\u00e4tzte Lesezeit":"4\u00a0Minuten"},"schema":{"@context":"https:\/\/schema.org","@graph":[{"@type":"WebPage","@id":"https:\/\/test1.selfpubservice.de\/index.php\/impressum\/","url":"https:\/\/test1.selfpubservice.de\/index.php\/impressum\/","name":"Impressum - Steuerkanzlei Kassel Jobs","isPartOf":{"@id":"https:\/\/test1.selfpubservice.de\/#website"},"datePublished":"2026-04-24T14:32:43+00:00","dateModified":"2026-04-26T01:36:11+00:00","breadcrumb":{"@id":"https:\/\/test1.selfpubservice.de\/index.php\/impressum\/#breadcrumb"},"inLanguage":"de","potentialAction":[{"@type":"ReadAction","target":["https:\/\/test1.selfpubservice.de\/index.php\/impressum\/"]}]},{"@type":"BreadcrumbList","@id":"https:\/\/test1.selfpubservice.de\/index.php\/impressum\/#breadcrumb","itemListElement":[{"@type":"ListItem","position":1,"name":"Start","item":"https:\/\/test1.selfpubservice.de\/"},{"@type":"ListItem","position":2,"name":"Impressum"}]},{"@type":"WebSite","@id":"https:\/\/test1.selfpubservice.de\/#website","url":"https:\/\/test1.selfpubservice.de\/","name":"Steuerkanzlei Kassel Jobs","description":"","potentialAction":[{"@type":"SearchAction","target":{"@type":"EntryPoint","urlTemplate":"https:\/\/test1.selfpubservice.de\/?s={search_term_string}"},"query-input":{"@type":"PropertyValueSpecification","valueRequired":true,"valueName":"search_term_string"}}],"inLanguage":"de"}]}},"_links":{"self":[{"href":"https:\/\/test1.selfpubservice.de\/index.php\/wp-json\/wp\/v2\/pages\/27","targetHints":{"allow":["GET"]}}],"collection":[{"href":"https:\/\/test1.selfpubservice.de\/index.php\/wp-json\/wp\/v2\/pages"}],"about":[{"href":"https:\/\/test1.selfpubservice.de\/index.php\/wp-json\/wp\/v2\/types\/page"}],"author":[{"embeddable":true,"href":"https:\/\/test1.selfpubservice.de\/index.php\/wp-json\/wp\/v2\/users\/1"}],"replies":[{"embeddable":true,"href":"https:\/\/test1.selfpubservice.de\/index.php\/wp-json\/wp\/v2\/comments?post=27"}],"version-history":[{"count":2,"href":"https:\/\/test1.selfpubservice.de\/index.php\/wp-json\/wp\/v2\/pages\/27\/revisions"}],"predecessor-version":[{"id":83,"href":"https:\/\/test1.selfpubservice.de\/index.php\/wp-json\/wp\/v2\/pages\/27\/revisions\/83"}],"wp:attachment":[{"href":"https:\/\/test1.selfpubservice.de\/index.php\/wp-json\/wp\/v2\/media?parent=27"}],"curies":[{"name":"wp","href":"https:\/\/api.w.org\/{rel}","templated":true}]}}